{"id":70,"date":"2011-01-07T01:15:51","date_gmt":"2011-01-07T06:15:51","guid":{"rendered":"http:\/\/tomleighton.info\/site\/?page_id=70"},"modified":"2018-02-05T12:44:09","modified_gmt":"2018-02-05T17:44:09","slug":"musicians","status":"publish","type":"page","link":"https:\/\/www.tomleighton.info\/site\/recordings\/leighton-tendencies\/musicians\/","title":{"rendered":"Musicians"},"content":{"rendered":"<p>Tom Leighton:<\/p>\n<p>piano, accordion, bouzouki, bodhran, whistles, jaw harps, synth, snared winebox<\/p>\n<p>Thanks to the following musicians for sharing your wonderful talents and energy.<\/p>\n<table cellspacing=\"0\" cellpadding=\"8\">\n<tbody>\n<tr>\n<td valign=\"middle\"> Glenn Anderson <\/td>\n<td valign=\"middle\"> drums <\/td>\n<td valign=\"middle\"> 2, 3, 5, 6, 8 &amp; 13 <\/td>\n<\/tr>\n<tr>\n<td valign=\"middle\"> Russ Boswell <\/td>\n<td valign=\"middle\"> acoustic bass <\/td>\n<td valign=\"middle\"> 4, 5, 7, 8, 9 &amp; 12 <\/td>\n<\/tr>\n<tr>\n<td valign=\"middle\"> Mark Haines <\/td>\n<td valign=\"middle\"> violin <\/td>\n<td valign=\"middle\"> 2 <\/td>\n<\/tr>\n<tr>\n<td valign=\"middle\"> Conrad Kipping <\/td>\n<td valign=\"middle\"> guitar, mandolins, violin <\/td>\n<td valign=\"middle\"> 4, 6 &amp; 12 <\/td>\n<\/tr>\n<tr>\n<td valign=\"middle\"> Anne Lederman <\/td>\n<td valign=\"middle\"> violin <\/td>\n<td valign=\"middle\"> 1, 3, 10, 13 &amp; 15 <\/td>\n<\/tr>\n<tr>\n<td valign=\"middle\"> Mitch Lewis <\/td>\n<td valign=\"middle\"> electric guitar <\/td>\n<td valign=\"middle\"> 3, 6 &amp; 13 <\/td>\n<\/tr>\n<tr>\n<td valign=\"middle\"> Jason Logue <\/td>\n<td valign=\"middle\"> trumpet &amp; flugelhorn <\/td>\n<td valign=\"middle\"> 3, 5, 6 &amp; 13 <\/td>\n<\/tr>\n<tr>\n<td valign=\"middle\"> Scott Marshall <\/td>\n<td valign=\"middle\"> tenor and soprano sax <\/td>\n<td valign=\"middle\"> 2, 3, 6 &amp; 13 <\/td>\n<\/tr>\n<tr>\n<td valign=\"middle\"> Zeke Mazurek <\/td>\n<td valign=\"middle\"> violin <\/td>\n<td valign=\"middle\"> 8, 11 &amp; 14 <\/td>\n<\/tr>\n<tr>\n<td valign=\"middle\"> Gordie Meyers <\/td>\n<td valign=\"middle\"> trombone <\/td>\n<td valign=\"middle\"> 3, 6 &amp; 13 <\/td>\n<\/tr>\n<tr>\n<td valign=\"middle\"> Paul Mills <\/td>\n<td valign=\"middle\"> 6 &amp; 12 str., elec. &amp; bass guitars <\/td>\n<td valign=\"middle\"> 9, 10, 12, 13 &amp; 15 <\/td>\n<\/tr>\n<tr>\n<td valign=\"middle\"> Igor Rominov <\/td>\n<td valign=\"middle\"> violin <\/td>\n<td valign=\"middle\"> 4 <\/td>\n<\/tr>\n<tr>\n<td valign=\"middle\"> David Woodhead <\/td>\n<td valign=\"middle\"> electric bass <\/td>\n<td valign=\"middle\"> 2, 3, 6 &amp; 13 <\/td>\n<\/tr>\n<tr>\n<td valign=\"middle\"> Alyssa Wright <\/td>\n<td valign=\"middle\"> cello <\/td>\n<td valign=\"middle\"> 1, 8, 11 &amp; 14 <\/td>\n<\/tr>\n<\/tbody>\n<\/table>\n<p>Production by Paul Mills and Tom Leighton<\/p>\n<p>All compositions and arrangements \u00a9 Tom Leighton 2010, SOCAN<\/p>\n<p>\u201cThe Last Mile Home\u201d \u00a9 Tom Leighton &amp; Conrad Kipping 2010, SOCAN<br \/>\nAll rights reserved. Made in Canada. Tous droits r\u00e9serv\u00e9s. Fabriqu\u00e9 au Canada.<\/p>\n<p>Cover design by Mary Alton. Cover painting (detail) by Graham Metson. Photos by Tom Leighton. Artist photo by Gary Taylor.<\/p>\n<p>&nbsp;<\/p>\n<hr \/>\n<h4><a href=\"http:\/\/tomleighton.info\/site\/?page_id=59\" target=\"_self\">Track List<\/a> \u2022\u00a0<a href=\"http:\/\/tomleighton.info\/site\/recordings\/leighton-tendencies\/track-samples\/\">Sample Playlist<\/a> \u2022\u00a0<a href=\"http:\/\/tomleighton.info\/site\/?page_id=64\">Dedications<\/a> \u2022\u00a0<a href=\"http:\/\/tomleighton.info\/site\/?page_id=70\">Musicians<\/a> \u2022\u00a0<a href=\"http:\/\/tomleighton.info\/site\/?page_id=67\">Credits<\/a> \u2022\u00a0<a href=\"..\/?page_id=50\">Purchase CD<\/a><\/h4>\n","protected":false},"excerpt":{"rendered":"<p>Tom Leighton: piano, accordion, bouzouki, bodhran, whistles, jaw harps, synth, snared winebox Thanks to the following musicians for sharing your wonderful talents and energy. Glenn Anderson drums 2, 3, 5, 6, 8 &amp; 13 Russ Boswell acoustic bass 4, 5, 7, 8, 9 &amp; 12 Mark Haines violin 2 Conrad Kipping guitar, mandolins, violin 4, &#8230; <a title=\"Musicians\" class=\"read-more\" href=\"https:\/\/www.tomleighton.info\/site\/recordings\/leighton-tendencies\/musicians\/\" aria-label=\"Read more about Musicians\">Read more<\/a><\/p>\n","protected":false},"author":1,"featured_media":0,"parent":55,"menu_order":0,"comment_status":"closed","ping_status":"closed","template":"","meta":{"footnotes":"","_links_to":"","_links_to_target":""},"class_list":["post-70","page","type-page","status-publish"],"_links":{"self":[{"href":"https:\/\/www.tomleighton.info\/site\/wp-json\/wp\/v2\/pages\/70","targetHints":{"allow":["GET"]}}],"collection":[{"href":"https:\/\/www.tomleighton.info\/site\/wp-json\/wp\/v2\/pages"}],"about":[{"href":"https:\/\/www.tomleighton.info\/site\/wp-json\/wp\/v2\/types\/page"}],"author":[{"embeddable":true,"href":"https:\/\/www.tomleighton.info\/site\/wp-json\/wp\/v2\/users\/1"}],"replies":[{"embeddable":true,"href":"https:\/\/www.tomleighton.info\/site\/wp-json\/wp\/v2\/comments?post=70"}],"version-history":[{"count":17,"href":"https:\/\/www.tomleighton.info\/site\/wp-json\/wp\/v2\/pages\/70\/revisions"}],"predecessor-version":[{"id":1875,"href":"https:\/\/www.tomleighton.info\/site\/wp-json\/wp\/v2\/pages\/70\/revisions\/1875"}],"up":[{"embeddable":true,"href":"https:\/\/www.tomleighton.info\/site\/wp-json\/wp\/v2\/pages\/55"}],"wp:attachment":[{"href":"https:\/\/www.tomleighton.info\/site\/wp-json\/wp\/v2\/media?parent=70"}],"curies":[{"name":"wp","href":"https:\/\/api.w.org\/{rel}","templated":true}]}}